{"id":8105,"date":"2026-04-15T08:48:13","date_gmt":"2026-04-15T06:48:13","guid":{"rendered":"https:\/\/camping-ostrea.com\/services-and-activites\/animations\/"},"modified":"2026-04-15T08:56:41","modified_gmt":"2026-04-15T06:56:41","slug":"entertainment","status":"publish","type":"page","link":"https:\/\/camping-ostrea.com\/en\/services-and-activites\/entertainment\/","title":{"rendered":"Entertainment Ostrea 2026"},"content":{"rendered":"","protected":false},"excerpt":{"rendered":"","protected":false},"author":3,"featured_media":0,"parent":961,"menu_order":0,"comment_status":"closed","ping_status":"closed","template":"","meta":{"_acf_changed":false,"footnotes":""},"class_list":["post-8105","page","type-page","status-publish","hentry"],"acf":[],"yoast_head":"<!-- This site is optimized with the Yoast SEO plugin v27.3 - https:\/\/yoast.com\/product\/yoast-seo-wordpress\/ -->\n<title>Restaurant et snack au camping \u00e0 Ol\u00e9ron - Camping Ostrea<\/title>\n<meta name=\"description\" content=\"Profitez des services de restauration du camping Ostrea \u00e0 Ol\u00e9ron : snack-bar, \u00e9picerie, boissons et pain frais sur place.\" \/>\n<meta name=\"robots\" content=\"index, follow, max-snippet:-1, max-image-preview:large, max-video-preview:-1\" \/>\n<link rel=\"canonical\" href=\"https:\/\/camping-ostrea.com\/en\/services-and-activites\/entertainment\/\" \/>\n<meta property=\"og:locale\" content=\"en_US\" \/>\n<meta property=\"og:type\" content=\"article\" \/>\n<meta property=\"og:title\" content=\"Restaurant et snack au camping \u00e0 Ol\u00e9ron - Camping Ostrea\" \/>\n<meta property=\"og:description\" content=\"Profitez des services de restauration du camping Ostrea \u00e0 Ol\u00e9ron : snack-bar, \u00e9picerie, boissons et pain frais sur place.\" \/>\n<meta property=\"og:url\" content=\"https:\/\/camping-ostrea.com\/en\/services-and-activites\/entertainment\/\" \/>\n<meta property=\"og:site_name\" content=\"Camping Ostrea\" \/>\n<meta property=\"article:modified_time\" content=\"2026-04-15T06:56:41+00:00\" \/>\n<meta name=\"twitter:card\" content=\"summary_large_image\" \/>\n<meta name=\"twitter:label1\" content=\"Est. reading time\" \/>\n\t<meta name=\"twitter:data1\" content=\"1 minute\" \/>\n<script type=\"application\/ld+json\" class=\"yoast-schema-graph\">{\"@context\":\"https:\\\/\\\/schema.org\",\"@graph\":[{\"@type\":\"WebPage\",\"@id\":\"https:\\\/\\\/camping-ostrea.com\\\/en\\\/services-and-activites\\\/entertainment\\\/\",\"url\":\"https:\\\/\\\/camping-ostrea.com\\\/en\\\/services-and-activites\\\/entertainment\\\/\",\"name\":\"Restaurant et snack au camping \u00e0 Ol\u00e9ron - Camping Ostrea\",\"isPartOf\":{\"@id\":\"https:\\\/\\\/camping-ostrea.com\\\/en\\\/#website\"},\"datePublished\":\"2026-04-15T06:48:13+00:00\",\"dateModified\":\"2026-04-15T06:56:41+00:00\",\"description\":\"Profitez des services de restauration du camping Ostrea \u00e0 Ol\u00e9ron : snack-bar, \u00e9picerie, boissons et pain frais sur place.\",\"breadcrumb\":{\"@id\":\"https:\\\/\\\/camping-ostrea.com\\\/en\\\/services-and-activites\\\/entertainment\\\/#breadcrumb\"},\"inLanguage\":\"en-US\",\"potentialAction\":[{\"@type\":\"ReadAction\",\"target\":[\"https:\\\/\\\/camping-ostrea.com\\\/en\\\/services-and-activites\\\/entertainment\\\/\"]}]},{\"@type\":\"BreadcrumbList\",\"@id\":\"https:\\\/\\\/camping-ostrea.com\\\/en\\\/services-and-activites\\\/entertainment\\\/#breadcrumb\",\"itemListElement\":[{\"@type\":\"ListItem\",\"position\":1,\"name\":\"Camping Ol\u00e9ron\",\"item\":\"https:\\\/\\\/camping-ostrea.com\\\/en\\\/\"},{\"@type\":\"ListItem\",\"position\":2,\"name\":\"Services &#038; Activities\",\"item\":\"https:\\\/\\\/camping-ostrea.com\\\/en\\\/services-and-activites\\\/\"},{\"@type\":\"ListItem\",\"position\":3,\"name\":\"Entertainment Ostrea 2026\"}]},{\"@type\":\"WebSite\",\"@id\":\"https:\\\/\\\/camping-ostrea.com\\\/en\\\/#website\",\"url\":\"https:\\\/\\\/camping-ostrea.com\\\/en\\\/\",\"name\":\"Camping Ostrea\",\"description\":\"Camping 4 \u00e9toiles Ol\u00e9ron\",\"potentialAction\":[{\"@type\":\"SearchAction\",\"target\":{\"@type\":\"EntryPoint\",\"urlTemplate\":\"https:\\\/\\\/camping-ostrea.com\\\/en\\\/?s={search_term_string}\"},\"query-input\":{\"@type\":\"PropertyValueSpecification\",\"valueRequired\":true,\"valueName\":\"search_term_string\"}}],\"inLanguage\":\"en-US\"}]}<\/script>\n<!-- \/ Yoast SEO plugin. -->","yoast_head_json":{"title":"Restaurant et snack au camping \u00e0 Ol\u00e9ron - Camping Ostrea","description":"Profitez des services de restauration du camping Ostrea \u00e0 Ol\u00e9ron : snack-bar, \u00e9picerie, boissons et pain frais sur place.","robots":{"index":"index","follow":"follow","max-snippet":"max-snippet:-1","max-image-preview":"max-image-preview:large","max-video-preview":"max-video-preview:-1"},"canonical":"https:\/\/camping-ostrea.com\/en\/services-and-activites\/entertainment\/","og_locale":"en_US","og_type":"article","og_title":"Restaurant et snack au camping \u00e0 Ol\u00e9ron - Camping Ostrea","og_description":"Profitez des services de restauration du camping Ostrea \u00e0 Ol\u00e9ron : snack-bar, \u00e9picerie, boissons et pain frais sur place.","og_url":"https:\/\/camping-ostrea.com\/en\/services-and-activites\/entertainment\/","og_site_name":"Camping Ostrea","article_modified_time":"2026-04-15T06:56:41+00:00","twitter_card":"summary_large_image","twitter_misc":{"Est. reading time":"1 minute"},"schema":{"@context":"https:\/\/schema.org","@graph":[{"@type":"WebPage","@id":"https:\/\/camping-ostrea.com\/en\/services-and-activites\/entertainment\/","url":"https:\/\/camping-ostrea.com\/en\/services-and-activites\/entertainment\/","name":"Restaurant et snack au camping \u00e0 Ol\u00e9ron - Camping Ostrea","isPartOf":{"@id":"https:\/\/camping-ostrea.com\/en\/#website"},"datePublished":"2026-04-15T06:48:13+00:00","dateModified":"2026-04-15T06:56:41+00:00","description":"Profitez des services de restauration du camping Ostrea \u00e0 Ol\u00e9ron : snack-bar, \u00e9picerie, boissons et pain frais sur place.","breadcrumb":{"@id":"https:\/\/camping-ostrea.com\/en\/services-and-activites\/entertainment\/#breadcrumb"},"inLanguage":"en-US","potentialAction":[{"@type":"ReadAction","target":["https:\/\/camping-ostrea.com\/en\/services-and-activites\/entertainment\/"]}]},{"@type":"BreadcrumbList","@id":"https:\/\/camping-ostrea.com\/en\/services-and-activites\/entertainment\/#breadcrumb","itemListElement":[{"@type":"ListItem","position":1,"name":"Camping Ol\u00e9ron","item":"https:\/\/camping-ostrea.com\/en\/"},{"@type":"ListItem","position":2,"name":"Services &#038; Activities","item":"https:\/\/camping-ostrea.com\/en\/services-and-activites\/"},{"@type":"ListItem","position":3,"name":"Entertainment Ostrea 2026"}]},{"@type":"WebSite","@id":"https:\/\/camping-ostrea.com\/en\/#website","url":"https:\/\/camping-ostrea.com\/en\/","name":"Camping Ostrea","description":"Camping 4 \u00e9toiles Ol\u00e9ron","potentialAction":[{"@type":"SearchAction","target":{"@type":"EntryPoint","urlTemplate":"https:\/\/camping-ostrea.com\/en\/?s={search_term_string}"},"query-input":{"@type":"PropertyValueSpecification","valueRequired":true,"valueName":"search_term_string"}}],"inLanguage":"en-US"}]}},"_links":{"self":[{"href":"https:\/\/camping-ostrea.com\/en\/wp-json\/wp\/v2\/pages\/8105","targetHints":{"allow":["GET"]}}],"collection":[{"href":"https:\/\/camping-ostrea.com\/en\/wp-json\/wp\/v2\/pages"}],"about":[{"href":"https:\/\/camping-ostrea.com\/en\/wp-json\/wp\/v2\/types\/page"}],"author":[{"embeddable":true,"href":"https:\/\/camping-ostrea.com\/en\/wp-json\/wp\/v2\/users\/3"}],"replies":[{"embeddable":true,"href":"https:\/\/camping-ostrea.com\/en\/wp-json\/wp\/v2\/comments?post=8105"}],"version-history":[{"count":3,"href":"https:\/\/camping-ostrea.com\/en\/wp-json\/wp\/v2\/pages\/8105\/revisions"}],"predecessor-version":[{"id":8108,"href":"https:\/\/camping-ostrea.com\/en\/wp-json\/wp\/v2\/pages\/8105\/revisions\/8108"}],"up":[{"embeddable":true,"href":"https:\/\/camping-ostrea.com\/en\/wp-json\/wp\/v2\/pages\/961"}],"wp:attachment":[{"href":"https:\/\/camping-ostrea.com\/en\/wp-json\/wp\/v2\/media?parent=8105"}],"curies":[{"name":"wp","href":"https:\/\/api.w.org\/{rel}","templated":true}]}}