{"id":4318,"date":"2024-10-16T11:17:39","date_gmt":"2024-10-16T09:17:39","guid":{"rendered":"https:\/\/camping-ostrea.com\/mobil-homes\/nouveaute-le-fort\/"},"modified":"2026-01-23T12:29:41","modified_gmt":"2026-01-23T11:29:41","slug":"novedad-le-fort","status":"publish","type":"page","link":"https:\/\/camping-ostrea.com\/es\/mobil-homes\/novedad-le-fort\/","title":{"rendered":"Le Fort"},"content":{"rendered":"","protected":false},"excerpt":{"rendered":"","protected":false},"author":3,"featured_media":0,"parent":3767,"menu_order":0,"comment_status":"closed","ping_status":"closed","template":"page-fiche-location.php","meta":{"_acf_changed":false,"footnotes":""},"class_list":["post-4318","page","type-page","status-publish","hentry"],"acf":[],"yoast_head":"<!-- This site is optimized with the Yoast SEO plugin v27.3 - https:\/\/yoast.com\/product\/yoast-seo-wordpress\/ -->\n<title>Le Fort - Camping Ostrea<\/title>\n<meta name=\"description\" content=\"Somptueux h\u00e9bergement haut de gamme au camping Ostrea 4* sur l&#039;\u00eele d&#039;Ol\u00e9ron pour 5 personnes avec vue sur le bassin Marennes et acc\u00e8s piscine\" \/>\n<meta name=\"robots\" content=\"index, follow, max-snippet:-1, max-image-preview:large, max-video-preview:-1\" \/>\n<link rel=\"canonical\" href=\"https:\/\/camping-ostrea.com\/es\/mobil-homes\/novedad-le-fort\/\" \/>\n<meta property=\"og:locale\" content=\"es_ES\" \/>\n<meta property=\"og:type\" content=\"article\" \/>\n<meta property=\"og:title\" content=\"Le Fort - Camping Ostrea\" \/>\n<meta property=\"og:description\" content=\"Somptueux h\u00e9bergement haut de gamme au camping Ostrea 4* sur l&#039;\u00eele d&#039;Ol\u00e9ron pour 5 personnes avec vue sur le bassin Marennes et acc\u00e8s piscine\" \/>\n<meta property=\"og:url\" content=\"https:\/\/camping-ostrea.com\/es\/mobil-homes\/novedad-le-fort\/\" \/>\n<meta property=\"og:site_name\" content=\"Camping Ostrea\" \/>\n<meta property=\"article:modified_time\" content=\"2026-01-23T11:29:41+00:00\" \/>\n<meta name=\"twitter:card\" content=\"summary_large_image\" \/>\n<meta name=\"twitter:label1\" content=\"Tiempo de lectura\" \/>\n\t<meta name=\"twitter:data1\" content=\"4 minutos\" \/>\n<script type=\"application\/ld+json\" class=\"yoast-schema-graph\">{\"@context\":\"https:\\\/\\\/schema.org\",\"@graph\":[{\"@type\":\"WebPage\",\"@id\":\"https:\\\/\\\/camping-ostrea.com\\\/es\\\/mobil-homes\\\/novedad-le-fort\\\/\",\"url\":\"https:\\\/\\\/camping-ostrea.com\\\/es\\\/mobil-homes\\\/novedad-le-fort\\\/\",\"name\":\"Le Fort - Camping Ostrea\",\"isPartOf\":{\"@id\":\"https:\\\/\\\/camping-ostrea.com\\\/es\\\/#website\"},\"datePublished\":\"2024-10-16T09:17:39+00:00\",\"dateModified\":\"2026-01-23T11:29:41+00:00\",\"description\":\"Somptueux h\u00e9bergement haut de gamme au camping Ostrea 4* sur l'\u00eele d'Ol\u00e9ron pour 5 personnes avec vue sur le bassin Marennes et acc\u00e8s piscine\",\"breadcrumb\":{\"@id\":\"https:\\\/\\\/camping-ostrea.com\\\/es\\\/mobil-homes\\\/novedad-le-fort\\\/#breadcrumb\"},\"inLanguage\":\"es\",\"potentialAction\":[{\"@type\":\"ReadAction\",\"target\":[\"https:\\\/\\\/camping-ostrea.com\\\/es\\\/mobil-homes\\\/novedad-le-fort\\\/\"]}]},{\"@type\":\"BreadcrumbList\",\"@id\":\"https:\\\/\\\/camping-ostrea.com\\\/es\\\/mobil-homes\\\/novedad-le-fort\\\/#breadcrumb\",\"itemListElement\":[{\"@type\":\"ListItem\",\"position\":1,\"name\":\"Camping Ol\u00e9ron\",\"item\":\"https:\\\/\\\/camping-ostrea.com\\\/es\\\/\"},{\"@type\":\"ListItem\",\"position\":2,\"name\":\"Mobil homes\",\"item\":\"https:\\\/\\\/camping-ostrea.com\\\/es\\\/mobil-homes\\\/\"},{\"@type\":\"ListItem\",\"position\":3,\"name\":\"Le Fort\"}]},{\"@type\":\"WebSite\",\"@id\":\"https:\\\/\\\/camping-ostrea.com\\\/es\\\/#website\",\"url\":\"https:\\\/\\\/camping-ostrea.com\\\/es\\\/\",\"name\":\"Camping Ostrea\",\"description\":\"Camping 4 \u00e9toiles Ol\u00e9ron\",\"potentialAction\":[{\"@type\":\"SearchAction\",\"target\":{\"@type\":\"EntryPoint\",\"urlTemplate\":\"https:\\\/\\\/camping-ostrea.com\\\/es\\\/?s={search_term_string}\"},\"query-input\":{\"@type\":\"PropertyValueSpecification\",\"valueRequired\":true,\"valueName\":\"search_term_string\"}}],\"inLanguage\":\"es\"}]}<\/script>\n<!-- \/ Yoast SEO plugin. -->","yoast_head_json":{"title":"Le Fort - Camping Ostrea","description":"Somptueux h\u00e9bergement haut de gamme au camping Ostrea 4* sur l'\u00eele d'Ol\u00e9ron pour 5 personnes avec vue sur le bassin Marennes et acc\u00e8s piscine","robots":{"index":"index","follow":"follow","max-snippet":"max-snippet:-1","max-image-preview":"max-image-preview:large","max-video-preview":"max-video-preview:-1"},"canonical":"https:\/\/camping-ostrea.com\/es\/mobil-homes\/novedad-le-fort\/","og_locale":"es_ES","og_type":"article","og_title":"Le Fort - Camping Ostrea","og_description":"Somptueux h\u00e9bergement haut de gamme au camping Ostrea 4* sur l'\u00eele d'Ol\u00e9ron pour 5 personnes avec vue sur le bassin Marennes et acc\u00e8s piscine","og_url":"https:\/\/camping-ostrea.com\/es\/mobil-homes\/novedad-le-fort\/","og_site_name":"Camping Ostrea","article_modified_time":"2026-01-23T11:29:41+00:00","twitter_card":"summary_large_image","twitter_misc":{"Tiempo de lectura":"4 minutos"},"schema":{"@context":"https:\/\/schema.org","@graph":[{"@type":"WebPage","@id":"https:\/\/camping-ostrea.com\/es\/mobil-homes\/novedad-le-fort\/","url":"https:\/\/camping-ostrea.com\/es\/mobil-homes\/novedad-le-fort\/","name":"Le Fort - Camping Ostrea","isPartOf":{"@id":"https:\/\/camping-ostrea.com\/es\/#website"},"datePublished":"2024-10-16T09:17:39+00:00","dateModified":"2026-01-23T11:29:41+00:00","description":"Somptueux h\u00e9bergement haut de gamme au camping Ostrea 4* sur l'\u00eele d'Ol\u00e9ron pour 5 personnes avec vue sur le bassin Marennes et acc\u00e8s piscine","breadcrumb":{"@id":"https:\/\/camping-ostrea.com\/es\/mobil-homes\/novedad-le-fort\/#breadcrumb"},"inLanguage":"es","potentialAction":[{"@type":"ReadAction","target":["https:\/\/camping-ostrea.com\/es\/mobil-homes\/novedad-le-fort\/"]}]},{"@type":"BreadcrumbList","@id":"https:\/\/camping-ostrea.com\/es\/mobil-homes\/novedad-le-fort\/#breadcrumb","itemListElement":[{"@type":"ListItem","position":1,"name":"Camping Ol\u00e9ron","item":"https:\/\/camping-ostrea.com\/es\/"},{"@type":"ListItem","position":2,"name":"Mobil homes","item":"https:\/\/camping-ostrea.com\/es\/mobil-homes\/"},{"@type":"ListItem","position":3,"name":"Le Fort"}]},{"@type":"WebSite","@id":"https:\/\/camping-ostrea.com\/es\/#website","url":"https:\/\/camping-ostrea.com\/es\/","name":"Camping Ostrea","description":"Camping 4 \u00e9toiles Ol\u00e9ron","potentialAction":[{"@type":"SearchAction","target":{"@type":"EntryPoint","urlTemplate":"https:\/\/camping-ostrea.com\/es\/?s={search_term_string}"},"query-input":{"@type":"PropertyValueSpecification","valueRequired":true,"valueName":"search_term_string"}}],"inLanguage":"es"}]}},"_links":{"self":[{"href":"https:\/\/camping-ostrea.com\/es\/wp-json\/wp\/v2\/pages\/4318","targetHints":{"allow":["GET"]}}],"collection":[{"href":"https:\/\/camping-ostrea.com\/es\/wp-json\/wp\/v2\/pages"}],"about":[{"href":"https:\/\/camping-ostrea.com\/es\/wp-json\/wp\/v2\/types\/page"}],"author":[{"embeddable":true,"href":"https:\/\/camping-ostrea.com\/es\/wp-json\/wp\/v2\/users\/3"}],"replies":[{"embeddable":true,"href":"https:\/\/camping-ostrea.com\/es\/wp-json\/wp\/v2\/comments?post=4318"}],"version-history":[{"count":18,"href":"https:\/\/camping-ostrea.com\/es\/wp-json\/wp\/v2\/pages\/4318\/revisions"}],"predecessor-version":[{"id":7623,"href":"https:\/\/camping-ostrea.com\/es\/wp-json\/wp\/v2\/pages\/4318\/revisions\/7623"}],"up":[{"embeddable":true,"href":"https:\/\/camping-ostrea.com\/es\/wp-json\/wp\/v2\/pages\/3767"}],"wp:attachment":[{"href":"https:\/\/camping-ostrea.com\/es\/wp-json\/wp\/v2\/media?parent=4318"}],"curies":[{"name":"wp","href":"https:\/\/api.w.org\/{rel}","templated":true}]}}