{"id":7481,"date":"2025-12-15T12:14:19","date_gmt":"2025-12-15T11:14:19","guid":{"rendered":"https:\/\/camping-ostrea.com\/?page_id=7481"},"modified":"2025-12-18T10:58:58","modified_gmt":"2025-12-18T09:58:58","slug":"espacio-acuatico","status":"publish","type":"page","link":"https:\/\/camping-ostrea.com\/es\/servicios-y-actividades\/espacio-acuatico\/","title":{"rendered":"Espacio Acuatico"},"content":{"rendered":"","protected":false},"excerpt":{"rendered":"","protected":false},"author":3,"featured_media":0,"parent":3799,"menu_order":0,"comment_status":"closed","ping_status":"closed","template":"","meta":{"_acf_changed":false,"footnotes":""},"class_list":["post-7481","page","type-page","status-publish","hentry"],"acf":[],"yoast_head":"<!-- This site is optimized with the Yoast SEO plugin v27.3 - https:\/\/yoast.com\/product\/yoast-seo-wordpress\/ -->\n<title>Espacio Acuatico - Camping Ostrea<\/title>\n<meta name=\"description\" content=\"Piscine chauff\u00e9e, snack, bar, \u00e9picerie, espace bien-\u00eatre, location v\u00e9los, aires de loisirs pour enfants &amp; ados, animations... au camping Ostrea 4* de l&#039;\u00eele d&#039;Ol\u00e9ron\" \/>\n<meta name=\"robots\" content=\"index, follow, max-snippet:-1, max-image-preview:large, max-video-preview:-1\" \/>\n<link rel=\"canonical\" href=\"https:\/\/camping-ostrea.com\/es\/servicios-y-actividades\/espacio-acuatico\/\" \/>\n<meta property=\"og:locale\" content=\"es_ES\" \/>\n<meta property=\"og:type\" content=\"article\" \/>\n<meta property=\"og:title\" content=\"Espacio Acuatico - Camping Ostrea\" \/>\n<meta property=\"og:description\" content=\"Piscine chauff\u00e9e, snack, bar, \u00e9picerie, espace bien-\u00eatre, location v\u00e9los, aires de loisirs pour enfants &amp; ados, animations... au camping Ostrea 4* de l&#039;\u00eele d&#039;Ol\u00e9ron\" \/>\n<meta property=\"og:url\" content=\"https:\/\/camping-ostrea.com\/es\/servicios-y-actividades\/espacio-acuatico\/\" \/>\n<meta property=\"og:site_name\" content=\"Camping Ostrea\" \/>\n<meta property=\"article:modified_time\" content=\"2025-12-18T09:58:58+00:00\" \/>\n<meta name=\"twitter:card\" content=\"summary_large_image\" \/>\n<meta name=\"twitter:label1\" content=\"Tiempo de lectura\" \/>\n\t<meta name=\"twitter:data1\" content=\"2 minutos\" \/>\n<script type=\"application\/ld+json\" class=\"yoast-schema-graph\">{\"@context\":\"https:\\\/\\\/schema.org\",\"@graph\":[{\"@type\":\"WebPage\",\"@id\":\"https:\\\/\\\/camping-ostrea.com\\\/es\\\/servicios-y-actividades\\\/espacio-acuatico\\\/\",\"url\":\"https:\\\/\\\/camping-ostrea.com\\\/es\\\/servicios-y-actividades\\\/espacio-acuatico\\\/\",\"name\":\"Espacio Acuatico - Camping Ostrea\",\"isPartOf\":{\"@id\":\"https:\\\/\\\/camping-ostrea.com\\\/es\\\/#website\"},\"datePublished\":\"2025-12-15T11:14:19+00:00\",\"dateModified\":\"2025-12-18T09:58:58+00:00\",\"description\":\"Piscine chauff\u00e9e, snack, bar, \u00e9picerie, espace bien-\u00eatre, location v\u00e9los, aires de loisirs pour enfants & ados, animations... au camping Ostrea 4* de l'\u00eele d'Ol\u00e9ron\",\"breadcrumb\":{\"@id\":\"https:\\\/\\\/camping-ostrea.com\\\/es\\\/servicios-y-actividades\\\/espacio-acuatico\\\/#breadcrumb\"},\"inLanguage\":\"es\",\"potentialAction\":[{\"@type\":\"ReadAction\",\"target\":[\"https:\\\/\\\/camping-ostrea.com\\\/es\\\/servicios-y-actividades\\\/espacio-acuatico\\\/\"]}]},{\"@type\":\"BreadcrumbList\",\"@id\":\"https:\\\/\\\/camping-ostrea.com\\\/es\\\/servicios-y-actividades\\\/espacio-acuatico\\\/#breadcrumb\",\"itemListElement\":[{\"@type\":\"ListItem\",\"position\":1,\"name\":\"Camping Ol\u00e9ron\",\"item\":\"https:\\\/\\\/camping-ostrea.com\\\/es\\\/\"},{\"@type\":\"ListItem\",\"position\":2,\"name\":\"Servicios y Actividades\",\"item\":\"https:\\\/\\\/camping-ostrea.com\\\/es\\\/servicios-y-actividades\\\/\"},{\"@type\":\"ListItem\",\"position\":3,\"name\":\"Espacio Acuatico\"}]},{\"@type\":\"WebSite\",\"@id\":\"https:\\\/\\\/camping-ostrea.com\\\/es\\\/#website\",\"url\":\"https:\\\/\\\/camping-ostrea.com\\\/es\\\/\",\"name\":\"Camping Ostrea\",\"description\":\"Camping 4 \u00e9toiles Ol\u00e9ron\",\"potentialAction\":[{\"@type\":\"SearchAction\",\"target\":{\"@type\":\"EntryPoint\",\"urlTemplate\":\"https:\\\/\\\/camping-ostrea.com\\\/es\\\/?s={search_term_string}\"},\"query-input\":{\"@type\":\"PropertyValueSpecification\",\"valueRequired\":true,\"valueName\":\"search_term_string\"}}],\"inLanguage\":\"es\"}]}<\/script>\n<!-- \/ Yoast SEO plugin. -->","yoast_head_json":{"title":"Espacio Acuatico - Camping Ostrea","description":"Piscine chauff\u00e9e, snack, bar, \u00e9picerie, espace bien-\u00eatre, location v\u00e9los, aires de loisirs pour enfants & ados, animations... au camping Ostrea 4* de l'\u00eele d'Ol\u00e9ron","robots":{"index":"index","follow":"follow","max-snippet":"max-snippet:-1","max-image-preview":"max-image-preview:large","max-video-preview":"max-video-preview:-1"},"canonical":"https:\/\/camping-ostrea.com\/es\/servicios-y-actividades\/espacio-acuatico\/","og_locale":"es_ES","og_type":"article","og_title":"Espacio Acuatico - Camping Ostrea","og_description":"Piscine chauff\u00e9e, snack, bar, \u00e9picerie, espace bien-\u00eatre, location v\u00e9los, aires de loisirs pour enfants & ados, animations... au camping Ostrea 4* de l'\u00eele d'Ol\u00e9ron","og_url":"https:\/\/camping-ostrea.com\/es\/servicios-y-actividades\/espacio-acuatico\/","og_site_name":"Camping Ostrea","article_modified_time":"2025-12-18T09:58:58+00:00","twitter_card":"summary_large_image","twitter_misc":{"Tiempo de lectura":"2 minutos"},"schema":{"@context":"https:\/\/schema.org","@graph":[{"@type":"WebPage","@id":"https:\/\/camping-ostrea.com\/es\/servicios-y-actividades\/espacio-acuatico\/","url":"https:\/\/camping-ostrea.com\/es\/servicios-y-actividades\/espacio-acuatico\/","name":"Espacio Acuatico - Camping Ostrea","isPartOf":{"@id":"https:\/\/camping-ostrea.com\/es\/#website"},"datePublished":"2025-12-15T11:14:19+00:00","dateModified":"2025-12-18T09:58:58+00:00","description":"Piscine chauff\u00e9e, snack, bar, \u00e9picerie, espace bien-\u00eatre, location v\u00e9los, aires de loisirs pour enfants & ados, animations... au camping Ostrea 4* de l'\u00eele d'Ol\u00e9ron","breadcrumb":{"@id":"https:\/\/camping-ostrea.com\/es\/servicios-y-actividades\/espacio-acuatico\/#breadcrumb"},"inLanguage":"es","potentialAction":[{"@type":"ReadAction","target":["https:\/\/camping-ostrea.com\/es\/servicios-y-actividades\/espacio-acuatico\/"]}]},{"@type":"BreadcrumbList","@id":"https:\/\/camping-ostrea.com\/es\/servicios-y-actividades\/espacio-acuatico\/#breadcrumb","itemListElement":[{"@type":"ListItem","position":1,"name":"Camping Ol\u00e9ron","item":"https:\/\/camping-ostrea.com\/es\/"},{"@type":"ListItem","position":2,"name":"Servicios y Actividades","item":"https:\/\/camping-ostrea.com\/es\/servicios-y-actividades\/"},{"@type":"ListItem","position":3,"name":"Espacio Acuatico"}]},{"@type":"WebSite","@id":"https:\/\/camping-ostrea.com\/es\/#website","url":"https:\/\/camping-ostrea.com\/es\/","name":"Camping Ostrea","description":"Camping 4 \u00e9toiles Ol\u00e9ron","potentialAction":[{"@type":"SearchAction","target":{"@type":"EntryPoint","urlTemplate":"https:\/\/camping-ostrea.com\/es\/?s={search_term_string}"},"query-input":{"@type":"PropertyValueSpecification","valueRequired":true,"valueName":"search_term_string"}}],"inLanguage":"es"}]}},"_links":{"self":[{"href":"https:\/\/camping-ostrea.com\/es\/wp-json\/wp\/v2\/pages\/7481","targetHints":{"allow":["GET"]}}],"collection":[{"href":"https:\/\/camping-ostrea.com\/es\/wp-json\/wp\/v2\/pages"}],"about":[{"href":"https:\/\/camping-ostrea.com\/es\/wp-json\/wp\/v2\/types\/page"}],"author":[{"embeddable":true,"href":"https:\/\/camping-ostrea.com\/es\/wp-json\/wp\/v2\/users\/3"}],"replies":[{"embeddable":true,"href":"https:\/\/camping-ostrea.com\/es\/wp-json\/wp\/v2\/comments?post=7481"}],"version-history":[{"count":2,"href":"https:\/\/camping-ostrea.com\/es\/wp-json\/wp\/v2\/pages\/7481\/revisions"}],"predecessor-version":[{"id":7516,"href":"https:\/\/camping-ostrea.com\/es\/wp-json\/wp\/v2\/pages\/7481\/revisions\/7516"}],"up":[{"embeddable":true,"href":"https:\/\/camping-ostrea.com\/es\/wp-json\/wp\/v2\/pages\/3799"}],"wp:attachment":[{"href":"https:\/\/camping-ostrea.com\/es\/wp-json\/wp\/v2\/media?parent=7481"}],"curies":[{"name":"wp","href":"https:\/\/api.w.org\/{rel}","templated":true}]}}